{"id":82,"date":"2022-11-29T09:54:07","date_gmt":"2022-11-29T09:54:07","guid":{"rendered":"https:\/\/takeone.events\/?page_id=82"},"modified":"2023-05-30T09:14:37","modified_gmt":"2023-05-30T09:14:37","slug":"about","status":"publish","type":"page","link":"https:\/\/takeone.events\/nl\/about\/","title":{"rendered":"Over ons"},"content":{"rendered":"<div data-elementor-type=\"wp-page\" data-elementor-id=\"82\" class=\"elementor elementor-82\">\n\t\t\t\t\t\t\t<div class=\"elementor-element elementor-element-27f0342 e-con-boxed e-con\" data-id=\"27f0342\" data-element_type=\"container\" data-settings=\"{&quot;content_width&quot;:&quot;boxed&quot;}\">\n\t\t\t\t\t<div class=\"e-con-inner\">\n\t\t\t\t<div class=\"elementor-element elementor-element-8b8b5f5 elementor-hidden-mobile elementor-widget elementor-widget-video\" data-id=\"8b8b5f5\" data-element_type=\"widget\" data-settings=\"{&quot;video_type&quot;:&quot;hosted&quot;,&quot;autoplay&quot;:&quot;yes&quot;,&quot;mute&quot;:&quot;yes&quot;,&quot;loop&quot;:&quot;yes&quot;}\" data-widget_type=\"video.default\">\n\t\t\t\t<div class=\"elementor-widget-container\">\n\t\t\t<style>\/*! elementor - v3.11.5 - 14-03-2023 *\/\n.elementor-widget-video .elementor-widget-container{overflow:hidden;transform:translateZ(0)}.elementor-widget-video .elementor-wrapper iframe,.elementor-widget-video .elementor-wrapper video{height:100%;width:100%;display:flex;border:none;background-color:#000}.elementor-widget-video .elementor-open-inline .elementor-custom-embed-image-overlay{position:absolute;top:0;left:0;width:100%;height:100%;background-size:cover;background-position:50%}.elementor-widget-video .elementor-custom-embed-image-overlay{cursor:pointer;text-align:center}.elementor-widget-video .elementor-custom-embed-image-overlay:hover .elementor-custom-embed-play i{opacity:1}.elementor-widget-video .elementor-custom-embed-image-overlay img{display:block;width:100%}.elementor-widget-video .e-hosted-video .elementor-video{-o-object-fit:cover;object-fit:cover}.e-con-inner>.elementor-widget-video,.e-con>.elementor-widget-video{width:var(--container-widget-width);--flex-grow:var(--container-widget-flex-grow)}<\/style>\t\t<div class=\"e-hosted-video elementor-wrapper elementor-open-inline\">\n\t\t\t\t\t<video class=\"elementor-video\" src=\"https:\/\/takeone.events\/wp-content\/uploads\/2022\/11\/blacklist.mp4\" autoplay=\"\" loop=\"\" muted=\"muted\" controlslist=\"nodownload\"><\/video>\n\t\t\t\t<\/div>\n\t\t\t\t<\/div>\n\t\t\t\t<\/div>\n\t\t\t\t<div class=\"elementor-element elementor-element-5bcd4ac elementor-hidden-desktop elementor-hidden-tablet elementor-widget elementor-widget-video\" data-id=\"5bcd4ac\" data-element_type=\"widget\" data-settings=\"{&quot;video_type&quot;:&quot;hosted&quot;,&quot;autoplay&quot;:&quot;yes&quot;,&quot;mute&quot;:&quot;yes&quot;,&quot;loop&quot;:&quot;yes&quot;}\" data-widget_type=\"video.default\">\n\t\t\t\t<div class=\"elementor-widget-container\">\n\t\t\t\t\t<div class=\"e-hosted-video elementor-wrapper elementor-open-inline\">\n\t\t\t\t\t<video class=\"elementor-video\" src=\"https:\/\/takeone.events\/wp-content\/uploads\/2022\/11\/blacklist.mp4\" autoplay=\"\" loop=\"\" muted=\"muted\" controlslist=\"nodownload\"><\/video>\n\t\t\t\t<\/div>\n\t\t\t\t<\/div>\n\t\t\t\t<\/div>\n\t\t\t\t\t<\/div>\n\t\t\t\t<\/div>\n\t\t<div class=\"elementor-element elementor-element-bd64077 e-con-boxed e-con\" data-id=\"bd64077\" data-element_type=\"container\" data-settings=\"{&quot;content_width&quot;:&quot;boxed&quot;}\">\n\t\t\t\t\t<div class=\"e-con-inner\">\n\t\t\t\t<div class=\"elementor-element elementor-element-7e331d5 elementor-widget elementor-widget-heading\" data-id=\"7e331d5\" data-element_type=\"widget\" data-widget_type=\"heading.default\">\n\t\t\t\t<div class=\"elementor-widget-container\">\n\t\t\t<style>\/*! elementor - v3.11.5 - 14-03-2023 *\/\n.elementor-heading-title{padding:0;margin:0;line-height:1}.elementor-widget-heading .elementor-heading-title[class*=elementor-size-]>a{color:inherit;font-size:inherit;line-height:inherit}.elementor-widget-heading .elementor-heading-title.elementor-size-small{font-size:15px}.elementor-widget-heading .elementor-heading-title.elementor-size-medium{font-size:19px}.elementor-widget-heading .elementor-heading-title.elementor-size-large{font-size:29px}.elementor-widget-heading .elementor-heading-title.elementor-size-xl{font-size:39px}.elementor-widget-heading .elementor-heading-title.elementor-size-xxl{font-size:59px}<\/style><h2 class=\"elementor-heading-title elementor-size-default\">Locaties:<\/h2>\t\t<\/div>\n\t\t\t\t<\/div>\n\t\t\t\t\t<\/div>\n\t\t\t\t<\/div>\n\t\t<div class=\"elementor-element elementor-element-83f5219 e-con-boxed e-con\" data-id=\"83f5219\" data-element_type=\"container\" data-settings=\"{&quot;content_width&quot;:&quot;boxed&quot;}\">\n\t\t\t\t\t<div class=\"e-con-inner\">\n\t\t<div class=\"elementor-element elementor-element-8dc84dc e-con-full elementor-invisible e-con\" data-id=\"8dc84dc\" data-element_type=\"container\" data-settings=\"{&quot;content_width&quot;:&quot;full&quot;,&quot;animation&quot;:&quot;bounceInLeft&quot;}\">\n\t\t\t\t<div class=\"elementor-element elementor-element-23c61e0 elementor-align-left elementor-icon-list--layout-traditional elementor-list-item-link-full_width elementor-widget elementor-widget-icon-list\" data-id=\"23c61e0\" data-element_type=\"widget\" data-settings=\"{&quot;_animation&quot;:&quot;none&quot;}\" data-widget_type=\"icon-list.default\">\n\t\t\t\t<div class=\"elementor-widget-container\">\n\t\t\t<link rel=\"stylesheet\" href=\"https:\/\/takeone.events\/wp-content\/plugins\/elementor\/assets\/css\/widget-icon-list.min.css\">\t\t<ul class=\"elementor-icon-list-items\">\n\t\t\t\t\t\t\t<li class=\"elementor-icon-list-item\">\n\t\t\t\t\t\t\t\t\t\t<span class=\"elementor-icon-list-text\">Die Halle Tor 1 K\u00f6ln<\/span>\n\t\t\t\t\t\t\t\t\t<\/li>\n\t\t\t\t\t\t\t\t<li class=\"elementor-icon-list-item\">\n\t\t\t\t\t\t\t\t\t\t<span class=\"elementor-icon-list-text\">Boui Boui D\u00fcsseldorf<\/span>\n\t\t\t\t\t\t\t\t\t<\/li>\n\t\t\t\t\t\t\t\t<li class=\"elementor-icon-list-item\">\n\t\t\t\t\t\t\t\t\t\t\t<a href=\"https:\/\/glanzundgorilla.de\/pattenhalle-ehrenfeld\/\" target=\"_blank\" rel=\"noopener\">\n\n\t\t\t\t\t\t\t\t\t\t\t<span class=\"elementor-icon-list-text\">Pattenhalle Ehrenfeld<\/span>\n\t\t\t\t\t\t\t\t\t\t\t<\/a>\n\t\t\t\t\t\t\t\t\t<\/li>\n\t\t\t\t\t\t\t\t<li class=\"elementor-icon-list-item\">\n\t\t\t\t\t\t\t\t\t\t\t<a href=\"https:\/\/www.messe-duesseldorf.de\" target=\"_blank\" rel=\"noopener\">\n\n\t\t\t\t\t\t\t\t\t\t\t<span class=\"elementor-icon-list-text\">Messe D\u00fcsseldorf<\/span>\n\t\t\t\t\t\t\t\t\t\t\t<\/a>\n\t\t\t\t\t\t\t\t\t<\/li>\n\t\t\t\t\t\t<\/ul>\n\t\t\t\t<\/div>\n\t\t\t\t<\/div>\n\t\t\t\t<\/div>\n\t\t<div class=\"elementor-element elementor-element-3bcbb8c e-con-full elementor-invisible e-con\" data-id=\"3bcbb8c\" data-element_type=\"container\" data-settings=\"{&quot;content_width&quot;:&quot;full&quot;,&quot;animation&quot;:&quot;bounceInUp&quot;}\">\n\t\t\t\t<div class=\"elementor-element elementor-element-9407a6d elementor-align-left elementor-icon-list--layout-traditional elementor-list-item-link-full_width elementor-widget elementor-widget-icon-list\" data-id=\"9407a6d\" data-element_type=\"widget\" data-widget_type=\"icon-list.default\">\n\t\t\t\t<div class=\"elementor-widget-container\">\n\t\t\t\t\t<ul class=\"elementor-icon-list-items\">\n\t\t\t\t\t\t\t<li class=\"elementor-icon-list-item\">\n\t\t\t\t\t\t\t\t\t\t\t<a href=\"https:\/\/rudas-studios.com\" target=\"_blank\" rel=\"noopener\">\n\n\t\t\t\t\t\t\t\t\t\t\t<span class=\"elementor-icon-list-text\">Rudas Studio D\u00fcsseldorf<\/span>\n\t\t\t\t\t\t\t\t\t\t\t<\/a>\n\t\t\t\t\t\t\t\t\t<\/li>\n\t\t\t\t\t\t\t\t<li class=\"elementor-icon-list-item\">\n\t\t\t\t\t\t\t\t\t\t\t<a href=\"https:\/\/www.stadtstrand-duesseldorf.de\" target=\"_blank\" rel=\"noopener\">\n\n\t\t\t\t\t\t\t\t\t\t\t<span class=\"elementor-icon-list-text\">Stadtstrand D\u00fcsseldorf<\/span>\n\t\t\t\t\t\t\t\t\t\t\t<\/a>\n\t\t\t\t\t\t\t\t\t<\/li>\n\t\t\t\t\t\t\t\t<li class=\"elementor-icon-list-item\">\n\t\t\t\t\t\t\t\t\t\t\t<a href=\"https:\/\/motorworld.de\/koeln-rheinland\/\" target=\"_blank\" rel=\"noopener\">\n\n\t\t\t\t\t\t\t\t\t\t\t<span class=\"elementor-icon-list-text\">Motorworld K\u00f6ln<\/span>\n\t\t\t\t\t\t\t\t\t\t\t<\/a>\n\t\t\t\t\t\t\t\t\t<\/li>\n\t\t\t\t\t\t<\/ul>\n\t\t\t\t<\/div>\n\t\t\t\t<\/div>\n\t\t\t\t<\/div>\n\t\t<div class=\"elementor-element elementor-element-9698a0f e-con-full elementor-invisible e-con\" data-id=\"9698a0f\" data-element_type=\"container\" data-settings=\"{&quot;content_width&quot;:&quot;full&quot;,&quot;background_background&quot;:&quot;classic&quot;,&quot;animation&quot;:&quot;bounceInRight&quot;}\">\n\t\t\t\t<div class=\"elementor-element elementor-element-5e00553 elementor-widget elementor-widget-text-editor\" data-id=\"5e00553\" data-element_type=\"widget\" data-widget_type=\"text-editor.default\">\n\t\t\t\t<div class=\"elementor-widget-container\">\n\t\t\t<style>\/*! elementor - v3.11.5 - 14-03-2023 *\/\n.elementor-widget-text-editor.elementor-drop-cap-view-stacked .elementor-drop-cap{background-color:#818a91;color:#fff}.elementor-widget-text-editor.elementor-drop-cap-view-framed .elementor-drop-cap{color:#818a91;border:3px solid;background-color:transparent}.elementor-widget-text-editor:not(.elementor-drop-cap-view-default) .elementor-drop-cap{margin-top:8px}.elementor-widget-text-editor:not(.elementor-drop-cap-view-default) .elementor-drop-cap-letter{width:1em;height:1em}.elementor-widget-text-editor .elementor-drop-cap{float:left;text-align:center;line-height:1;font-size:50px}.elementor-widget-text-editor .elementor-drop-cap-letter{display:inline-block}<\/style>\t\t\t\t<p>Wij zijn momenteel op zoek naar een locatie in de agglomeratie D\u00fcsseldorf en Keulen. Als u een locatie of een bedrijfspand te bieden heeft, <strong>neem dan contact met ons op.<\/strong><\/p>\t\t\t\t\t\t<\/div>\n\t\t\t\t<\/div>\n\t\t\t\t<\/div>\n\t\t\t\t\t<\/div>\n\t\t\t\t<\/div>\n\t\t<div class=\"elementor-element elementor-element-de587d4 e-con-boxed e-con\" data-id=\"de587d4\" data-element_type=\"container\" data-settings=\"{&quot;content_width&quot;:&quot;boxed&quot;}\">\n\t\t\t\t\t<div class=\"e-con-inner\">\n\t\t\t\t<div class=\"elementor-element elementor-element-63d6dd9 elementor-widget elementor-widget-heading\" data-id=\"63d6dd9\" data-element_type=\"widget\" data-widget_type=\"heading.default\">\n\t\t\t\t<div class=\"elementor-widget-container\">\n\t\t\t<p class=\"elementor-heading-title elementor-size-default\">Ons doel is om mensen te verbinden en herinneringen voor de eeuwigheid te cre\u00ebren door middel van gedeelde ervaringen. Om dit te bereiken hanteren wij voor elk van onze evenementen een aanpak die gebaseerd is op het hoogste niveau van perfectie en aandacht voor detail. Door voortdurend de grenzen te verleggen van wat technisch haalbaar is en dat te combineren met artistiek creatieve idee\u00ebn, cre\u00ebren wij unieke ervaringen voor alle bezoekers.<\/p>\t\t<\/div>\n\t\t\t\t<\/div>\n\t\t\t\t\t<\/div>\n\t\t\t\t<\/div>\n\t\t<div class=\"elementor-element elementor-element-bf8e29f e-con-boxed e-con\" data-id=\"bf8e29f\" data-element_type=\"container\" data-settings=\"{&quot;content_width&quot;:&quot;boxed&quot;}\">\n\t\t\t\t\t<div class=\"e-con-inner\">\n\t\t\t\t<div class=\"elementor-element elementor-element-e91c3db elementor-widget elementor-widget-heading\" data-id=\"e91c3db\" data-element_type=\"widget\" data-widget_type=\"heading.default\">\n\t\t\t\t<div class=\"elementor-widget-container\">\n\t\t\t<h2 class=\"elementor-heading-title elementor-size-default\">Partners<\/h2>\t\t<\/div>\n\t\t\t\t<\/div>\n\t\t\t\t\t<\/div>\n\t\t\t\t<\/div>\n\t\t<div class=\"elementor-element elementor-element-6635935 e-con-boxed elementor-invisible e-con\" data-id=\"6635935\" data-element_type=\"container\" data-settings=\"{&quot;animation&quot;:&quot;pulse&quot;,&quot;content_width&quot;:&quot;boxed&quot;}\">\n\t\t\t\t\t<div class=\"e-con-inner\">\n\t\t\t\t<div class=\"elementor-element elementor-element-9753c3a elementor-widget elementor-widget-image\" data-id=\"9753c3a\" data-element_type=\"widget\" data-widget_type=\"image.default\">\n\t\t\t\t<div class=\"elementor-widget-container\">\n\t\t\t<style>\/*! elementor - v3.11.5 - 14-03-2023 *\/\n.elementor-widget-image{text-align:center}.elementor-widget-image a{display:inline-block}.elementor-widget-image a img[src$=\".svg\"]{width:48px}.elementor-widget-image img{vertical-align:middle;display:inline-block}<\/style>\t\t\t\t\t\t\t\t\t\t\t\t<img loading=\"lazy\" decoding=\"async\" width=\"444\" height=\"372\" src=\"https:\/\/takeone.events\/wp-content\/uploads\/2022\/11\/kabeleinsnew.png\" class=\"attachment-large size-large wp-image-136\" alt=\"\" srcset=\"https:\/\/takeone.events\/wp-content\/uploads\/2022\/11\/kabeleinsnew.png 444w, https:\/\/takeone.events\/wp-content\/uploads\/2022\/11\/kabeleinsnew-300x251.png 300w, https:\/\/takeone.events\/wp-content\/uploads\/2022\/11\/kabeleinsnew-14x12.png 14w\" sizes=\"auto, (max-width: 444px) 100vw, 444px\" \/>\t\t\t\t\t\t\t\t\t\t\t\t\t\t\t<\/div>\n\t\t\t\t<\/div>\n\t\t\t\t<div class=\"elementor-element elementor-element-a835da3 elementor-widget elementor-widget-image\" data-id=\"a835da3\" data-element_type=\"widget\" data-widget_type=\"image.default\">\n\t\t\t\t<div class=\"elementor-widget-container\">\n\t\t\t\t\t\t\t\t\t\t\t\t\t\t\t<img loading=\"lazy\" decoding=\"async\" width=\"1120\" height=\"164\" src=\"https:\/\/takeone.events\/wp-content\/uploads\/2022\/11\/rheinischepost.png\" class=\"attachment-full size-full wp-image-138\" alt=\"\" srcset=\"https:\/\/takeone.events\/wp-content\/uploads\/2022\/11\/rheinischepost.png 1120w, https:\/\/takeone.events\/wp-content\/uploads\/2022\/11\/rheinischepost-300x44.png 300w, https:\/\/takeone.events\/wp-content\/uploads\/2022\/11\/rheinischepost-1024x150.png 1024w, https:\/\/takeone.events\/wp-content\/uploads\/2022\/11\/rheinischepost-768x112.png 768w, https:\/\/takeone.events\/wp-content\/uploads\/2022\/11\/rheinischepost-18x3.png 18w\" sizes=\"auto, (max-width: 1120px) 100vw, 1120px\" \/>\t\t\t\t\t\t\t\t\t\t\t\t\t\t\t<\/div>\n\t\t\t\t<\/div>\n\t\t\t\t<div class=\"elementor-element elementor-element-5913dd8 elementor-widget elementor-widget-image\" data-id=\"5913dd8\" data-element_type=\"widget\" data-widget_type=\"image.default\">\n\t\t\t\t<div class=\"elementor-widget-container\">\n\t\t\t\t\t\t\t\t\t\t\t\t\t\t\t<img loading=\"lazy\" decoding=\"async\" width=\"616\" height=\"328\" src=\"https:\/\/takeone.events\/wp-content\/uploads\/2022\/11\/atenneduessldorf.png\" class=\"attachment-full size-full wp-image-137\" alt=\"\" srcset=\"https:\/\/takeone.events\/wp-content\/uploads\/2022\/11\/atenneduessldorf.png 616w, https:\/\/takeone.events\/wp-content\/uploads\/2022\/11\/atenneduessldorf-300x160.png 300w, https:\/\/takeone.events\/wp-content\/uploads\/2022\/11\/atenneduessldorf-18x10.png 18w\" sizes=\"auto, (max-width: 616px) 100vw, 616px\" \/>\t\t\t\t\t\t\t\t\t\t\t\t\t\t\t<\/div>\n\t\t\t\t<\/div>\n\t\t\t\t<div class=\"elementor-element elementor-element-334356a elementor-widget elementor-widget-image\" data-id=\"334356a\" data-element_type=\"widget\" data-widget_type=\"image.default\">\n\t\t\t\t<div class=\"elementor-widget-container\">\n\t\t\t\t\t\t\t\t\t\t\t\t\t\t\t<img loading=\"lazy\" decoding=\"async\" width=\"1128\" height=\"280\" src=\"https:\/\/takeone.events\/wp-content\/uploads\/2022\/11\/warsteinernew.png\" class=\"attachment-full size-full wp-image-135\" alt=\"\" srcset=\"https:\/\/takeone.events\/wp-content\/uploads\/2022\/11\/warsteinernew.png 1128w, https:\/\/takeone.events\/wp-content\/uploads\/2022\/11\/warsteinernew-300x74.png 300w, https:\/\/takeone.events\/wp-content\/uploads\/2022\/11\/warsteinernew-1024x254.png 1024w, https:\/\/takeone.events\/wp-content\/uploads\/2022\/11\/warsteinernew-768x191.png 768w, https:\/\/takeone.events\/wp-content\/uploads\/2022\/11\/warsteinernew-18x4.png 18w\" sizes=\"auto, (max-width: 1128px) 100vw, 1128px\" \/>\t\t\t\t\t\t\t\t\t\t\t\t\t\t\t<\/div>\n\t\t\t\t<\/div>\n\t\t\t\t\t<\/div>\n\t\t\t\t<\/div>\n\t\t<div class=\"elementor-element elementor-element-d2a5b9a e-con-boxed elementor-invisible e-con\" data-id=\"d2a5b9a\" data-element_type=\"container\" data-settings=\"{&quot;animation&quot;:&quot;pulse&quot;,&quot;content_width&quot;:&quot;boxed&quot;}\">\n\t\t\t\t\t<div class=\"e-con-inner\">\n\t\t\t\t<div class=\"elementor-element elementor-element-1c233eb elementor-widget elementor-widget-image\" data-id=\"1c233eb\" data-element_type=\"widget\" data-widget_type=\"image.default\">\n\t\t\t\t<div class=\"elementor-widget-container\">\n\t\t\t\t\t\t\t\t\t\t\t\t\t\t\t<img loading=\"lazy\" decoding=\"async\" width=\"812\" height=\"228\" src=\"https:\/\/takeone.events\/wp-content\/uploads\/2022\/11\/fritzkola.png\" class=\"attachment-full size-full wp-image-148\" alt=\"\" srcset=\"https:\/\/takeone.events\/wp-content\/uploads\/2022\/11\/fritzkola.png 812w, https:\/\/takeone.events\/wp-content\/uploads\/2022\/11\/fritzkola-300x84.png 300w, https:\/\/takeone.events\/wp-content\/uploads\/2022\/11\/fritzkola-768x216.png 768w, https:\/\/takeone.events\/wp-content\/uploads\/2022\/11\/fritzkola-18x5.png 18w\" sizes=\"auto, (max-width: 812px) 100vw, 812px\" \/>\t\t\t\t\t\t\t\t\t\t\t\t\t\t\t<\/div>\n\t\t\t\t<\/div>\n\t\t\t\t<div class=\"elementor-element elementor-element-e0530d8 elementor-widget elementor-widget-image\" data-id=\"e0530d8\" data-element_type=\"widget\" data-widget_type=\"image.default\">\n\t\t\t\t<div class=\"elementor-widget-container\">\n\t\t\t\t\t\t\t\t\t\t\t\t\t\t\t<img loading=\"lazy\" decoding=\"async\" width=\"792\" height=\"204\" src=\"https:\/\/takeone.events\/wp-content\/uploads\/2022\/11\/kirin.png\" class=\"attachment-full size-full wp-image-149\" alt=\"\" srcset=\"https:\/\/takeone.events\/wp-content\/uploads\/2022\/11\/kirin.png 792w, https:\/\/takeone.events\/wp-content\/uploads\/2022\/11\/kirin-300x77.png 300w, https:\/\/takeone.events\/wp-content\/uploads\/2022\/11\/kirin-768x198.png 768w, https:\/\/takeone.events\/wp-content\/uploads\/2022\/11\/kirin-18x5.png 18w\" sizes=\"auto, (max-width: 792px) 100vw, 792px\" \/>\t\t\t\t\t\t\t\t\t\t\t\t\t\t\t<\/div>\n\t\t\t\t<\/div>\n\t\t\t\t<div class=\"elementor-element elementor-element-a4f578e elementor-widget elementor-widget-image\" data-id=\"a4f578e\" data-element_type=\"widget\" data-widget_type=\"image.default\">\n\t\t\t\t<div class=\"elementor-widget-container\">\n\t\t\t\t\t\t\t\t\t\t\t\t\t\t\t<img loading=\"lazy\" decoding=\"async\" width=\"1032\" height=\"204\" src=\"https:\/\/takeone.events\/wp-content\/uploads\/2022\/11\/choya.png\" class=\"attachment-full size-full wp-image-150\" alt=\"\" srcset=\"https:\/\/takeone.events\/wp-content\/uploads\/2022\/11\/choya.png 1032w, https:\/\/takeone.events\/wp-content\/uploads\/2022\/11\/choya-300x59.png 300w, https:\/\/takeone.events\/wp-content\/uploads\/2022\/11\/choya-1024x202.png 1024w, https:\/\/takeone.events\/wp-content\/uploads\/2022\/11\/choya-768x152.png 768w, https:\/\/takeone.events\/wp-content\/uploads\/2022\/11\/choya-18x4.png 18w\" sizes=\"auto, (max-width: 1032px) 100vw, 1032px\" \/>\t\t\t\t\t\t\t\t\t\t\t\t\t\t\t<\/div>\n\t\t\t\t<\/div>\n\t\t\t\t<div class=\"elementor-element elementor-element-77eda2c elementor-widget elementor-widget-image\" data-id=\"77eda2c\" data-element_type=\"widget\" data-widget_type=\"image.default\">\n\t\t\t\t<div class=\"elementor-widget-container\">\n\t\t\t\t\t\t\t\t\t\t\t\t\t\t\t<img loading=\"lazy\" decoding=\"async\" width=\"1168\" height=\"184\" src=\"https:\/\/takeone.events\/wp-content\/uploads\/2022\/11\/yakult.png\" class=\"attachment-full size-full wp-image-151\" alt=\"\" srcset=\"https:\/\/takeone.events\/wp-content\/uploads\/2022\/11\/yakult.png 1168w, https:\/\/takeone.events\/wp-content\/uploads\/2022\/11\/yakult-300x47.png 300w, https:\/\/takeone.events\/wp-content\/uploads\/2022\/11\/yakult-1024x161.png 1024w, https:\/\/takeone.events\/wp-content\/uploads\/2022\/11\/yakult-768x121.png 768w, https:\/\/takeone.events\/wp-content\/uploads\/2022\/11\/yakult-18x3.png 18w\" sizes=\"auto, (max-width: 1168px) 100vw, 1168px\" \/>\t\t\t\t\t\t\t\t\t\t\t\t\t\t\t<\/div>\n\t\t\t\t<\/div>\n\t\t\t\t\t<\/div>\n\t\t\t\t<\/div>\n\t\t<div class=\"elementor-element elementor-element-860406f e-con-boxed e-con\" data-id=\"860406f\" data-element_type=\"container\" data-settings=\"{&quot;background_background&quot;:&quot;classic&quot;,&quot;content_width&quot;:&quot;boxed&quot;}\">\n\t\t\t\t\t<div class=\"e-con-inner\">\n\t\t\t\t<div class=\"elementor-element elementor-element-fcd51cc elementor-widget elementor-widget-image\" data-id=\"fcd51cc\" data-element_type=\"widget\" data-settings=\"{&quot;motion_fx_motion_fx_scrolling&quot;:&quot;yes&quot;,&quot;motion_fx_scale_effect&quot;:&quot;yes&quot;,&quot;motion_fx_scale_direction&quot;:&quot;out-in-out&quot;,&quot;motion_fx_scale_speed&quot;:{&quot;unit&quot;:&quot;px&quot;,&quot;size&quot;:6,&quot;sizes&quot;:[]},&quot;motion_fx_scale_range&quot;:{&quot;unit&quot;:&quot;%&quot;,&quot;size&quot;:&quot;&quot;,&quot;sizes&quot;:{&quot;start&quot;:50,&quot;end&quot;:100}},&quot;motion_fx_devices&quot;:[&quot;desktop&quot;,&quot;tablet&quot;,&quot;mobile&quot;]}\" data-widget_type=\"image.default\">\n\t\t\t\t<div class=\"elementor-widget-container\">\n\t\t\t\t\t\t\t\t\t\t\t\t\t\t\t<img loading=\"lazy\" decoding=\"async\" width=\"472\" height=\"472\" src=\"https:\/\/takeone.events\/wp-content\/uploads\/2022\/11\/YouHand.png\" class=\"attachment-large size-large wp-image-158\" alt=\"\" srcset=\"https:\/\/takeone.events\/wp-content\/uploads\/2022\/11\/YouHand.png 472w, https:\/\/takeone.events\/wp-content\/uploads\/2022\/11\/YouHand-300x300.png 300w, https:\/\/takeone.events\/wp-content\/uploads\/2022\/11\/YouHand-150x150.png 150w, https:\/\/takeone.events\/wp-content\/uploads\/2022\/11\/YouHand-12x12.png 12w\" sizes=\"auto, (max-width: 472px) 100vw, 472px\" \/>\t\t\t\t\t\t\t\t\t\t\t\t\t\t\t<\/div>\n\t\t\t\t<\/div>\n\t\t\t\t<div class=\"elementor-element elementor-element-ea8d604 elementor-widget elementor-widget-heading\" data-id=\"ea8d604\" data-element_type=\"widget\" data-widget_type=\"heading.default\">\n\t\t\t\t<div class=\"elementor-widget-container\">\n\t\t\t<h3 class=\"elementor-heading-title elementor-size-default\">MAAK DEEL<br> UIT VAN\n<br>ONZE REIS<\/h3>\t\t<\/div>\n\t\t\t\t<\/div>\n\t\t<div class=\"elementor-element elementor-element-4bf5df6 e-con-boxed e-con\" data-id=\"4bf5df6\" data-element_type=\"container\" data-settings=\"{&quot;content_width&quot;:&quot;boxed&quot;}\">\n\t\t\t\t\t<div class=\"e-con-inner\">\n\t\t\t\t<div class=\"elementor-element elementor-element-5d7e265 elementor-align-center elementor-widget elementor-widget-button\" data-id=\"5d7e265\" data-element_type=\"widget\" data-widget_type=\"button.default\">\n\t\t\t\t<div class=\"elementor-widget-container\">\n\t\t\t\t\t<div class=\"elementor-button-wrapper\">\n\t\t\t<a href=\"https:\/\/takeone.events\/nl\/contact\/\" class=\"elementor-button-link elementor-button elementor-size-xl elementor-animation-grow\" role=\"button\">\n\t\t\t\t\t\t<span class=\"elementor-button-content-wrapper\">\n\t\t\t\t\t\t<span class=\"elementor-button-text\">PARTNER WORDEN<\/span>\n\t\t<\/span>\n\t\t\t\t\t<\/a>\n\t\t<\/div>\n\t\t\t\t<\/div>\n\t\t\t\t<\/div>\n\t\t\t\t<div class=\"elementor-element elementor-element-53e3194 elementor-align-center elementor-widget elementor-widget-button\" data-id=\"53e3194\" data-element_type=\"widget\" data-widget_type=\"button.default\">\n\t\t\t\t<div class=\"elementor-widget-container\">\n\t\t\t\t\t<div class=\"elementor-button-wrapper\">\n\t\t\t<a href=\"https:\/\/takeone.events\/nl\/jobs\/\" class=\"elementor-button-link elementor-button elementor-size-xl elementor-animation-grow\" role=\"button\">\n\t\t\t\t\t\t<span class=\"elementor-button-content-wrapper\">\n\t\t\t\t\t\t<span class=\"elementor-button-text\">WORD DEEL VAN ONS TEAM<\/span>\n\t\t<\/span>\n\t\t\t\t\t<\/a>\n\t\t<\/div>\n\t\t\t\t<\/div>\n\t\t\t\t<\/div>\n\t\t\t\t\t<\/div>\n\t\t\t\t<\/div>\n\t\t\t\t\t<\/div>\n\t\t\t\t<\/div>\n\t\t\t\t\t\t\t<\/div>","protected":false},"excerpt":{"rendered":"<p>https:\/\/takeone.events\/wp-content\/uploads\/2022\/11\/blacklist.mp4https:\/\/takeone.events\/wp-content\/uploads\/2022\/11\/blacklist.mp4 Locations Die Halle Tor 1 K\u00f6ln Boui Boui D\u00fcsseldorf Pattenhalle Ehrenfeld Messe D\u00fcsseldorf Rudas Studio D\u00fcsseldorf Stadtstrand D\u00fcsseldorf Motorworld K\u00f6ln We are currently looking for a venue in the metropolitan area of D\u00fcsseldorf and K\u00f6ln. If you have a venue or a industrial property to offer please get in touch with us. Our goal [&hellip;]<\/p>","protected":false},"author":1,"featured_media":0,"parent":0,"menu_order":0,"comment_status":"closed","ping_status":"closed","template":"","meta":{"footnotes":""},"class_list":["post-82","page","type-page","status-publish","hentry"],"acf":[],"_links":{"self":[{"href":"https:\/\/takeone.events\/nl\/wp-json\/wp\/v2\/pages\/82","targetHints":{"allow":["GET"]}}],"collection":[{"href":"https:\/\/takeone.events\/nl\/wp-json\/wp\/v2\/pages"}],"about":[{"href":"https:\/\/takeone.events\/nl\/wp-json\/wp\/v2\/types\/page"}],"author":[{"embeddable":true,"href":"https:\/\/takeone.events\/nl\/wp-json\/wp\/v2\/users\/1"}],"replies":[{"embeddable":true,"href":"https:\/\/takeone.events\/nl\/wp-json\/wp\/v2\/comments?post=82"}],"version-history":[{"count":5,"href":"https:\/\/takeone.events\/nl\/wp-json\/wp\/v2\/pages\/82\/revisions"}],"predecessor-version":[{"id":1470,"href":"https:\/\/takeone.events\/nl\/wp-json\/wp\/v2\/pages\/82\/revisions\/1470"}],"wp:attachment":[{"href":"https:\/\/takeone.events\/nl\/wp-json\/wp\/v2\/media?parent=82"}],"curies":[{"name":"wp","href":"https:\/\/api.w.org\/{rel}","templated":true}]}}